{"id":13,"date":"2021-08-18T19:56:15","date_gmt":"2021-08-18T17:56:15","guid":{"rendered":"http:\/\/prz187.openworld24.pl\/?page_id=13"},"modified":"2026-01-14T01:33:18","modified_gmt":"2026-01-14T00:33:18","slug":"oddzialy","status":"publish","type":"page","link":"https:\/\/ple187.poznan.pl\/index.php\/o-przedszkolu\/oddzialy\/","title":{"rendered":"Grupy przedszkolne 2025\/26"},"content":{"rendered":"\t\t<div data-elementor-type=\"wp-page\" data-elementor-id=\"13\" class=\"elementor elementor-13\" data-elementor-post-type=\"page\">\n\t\t\t\t\t\t\t\t\t<section class=\"elementor-section elementor-top-section elementor-element elementor-element-7ce03ddd elementor-section-boxed elementor-section-height-default elementor-section-height-default\" data-id=\"7ce03ddd\" data-element_type=\"section\">\n\t\t\t\t\t\t<div class=\"elementor-container elementor-column-gap-default\">\n\t\t\t\t\t<div class=\"elementor-column elementor-col-100 elementor-top-column elementor-element elementor-element-266f7010\" data-id=\"266f7010\" data-element_type=\"column\">\n\t\t\t<div class=\"elementor-widget-wrap elementor-element-populated\">\n\t\t\t\t\t\t\t\t<div class=\"elementor-element elementor-element-67398420 elementor-widget elementor-widget-text-editor\" data-id=\"67398420\" data-element_type=\"widget\" data-widget_type=\"text-editor.default\">\n\t\t\t\t<div class=\"elementor-widget-container\">\n\t\t\t<style>\/*! elementor - v3.16.0 - 17-10-2023 *\/\n.elementor-widget-text-editor.elementor-drop-cap-view-stacked .elementor-drop-cap{background-color:#69727d;color:#fff}.elementor-widget-text-editor.elementor-drop-cap-view-framed .elementor-drop-cap{color:#69727d;border:3px solid;background-color:transparent}.elementor-widget-text-editor:not(.elementor-drop-cap-view-default) .elementor-drop-cap{margin-top:8px}.elementor-widget-text-editor:not(.elementor-drop-cap-view-default) .elementor-drop-cap-letter{width:1em;height:1em}.elementor-widget-text-editor .elementor-drop-cap{float:left;text-align:center;line-height:1;font-size:50px}.elementor-widget-text-editor .elementor-drop-cap-letter{display:inline-block}<\/style>\t\t\t\t<p><!-- wp:paragraph {\"align\":\"left\",\"dropCap\":true} --><\/p>\n<p><em>Ka\u017cda z naszych grup to ma\u0142y wszech\u015bwiat, pe\u0142en energii, ciekawo\u015bci i codziennych odkry\u0107.<\/em><\/p>\n<p>\u00a0<\/p>\n<p>W bie\u017c\u0105cym roku <strong>2025\/2026<\/strong> w naszym przedszkolu funkcjonuj\u0105 nast\u0119puj\u0105ce oddzia\u0142y przedszkolne:<\/p>\n<p>Grupa <strong><span style=\"color: #a4680d;\">JE\u017bE<\/span><\/strong> i grupa <strong><span class=\"has-inline-color\" style=\"color: #f764d7;\">MOTYLKI<\/span><\/strong>\u00a0to nasi najm\u0142odsi odkrywcy, kt\u00f3rzy dopiero ucz\u0105 si\u0119, \u017ce np. plastelina nie s\u0142u\u017cy do jedzenia.<\/p>\n<p>Grupa <strong><span class=\"has-inline-color\" style=\"color: #8a8e90;\">ZAJ\u0104CZKI<\/span><\/strong>\u00a0i grupa <strong><span class=\"has-inline-color\" style=\"color: #36a11c;\">SKRZATY<\/span><\/strong> to ju\u017c nie takie najm\u0142odsze dzieci, ale pomys\u0142owe, \u017ce ho ho&#8230;<\/p>\n<p>Grupa <strong><span class=\"has-inline-color\" style=\"color: #ddbe75;\">MYSZKI<\/span><\/strong> i grupa <strong><span class=\"has-inline-color has-luminous-vivid-orange-color\">\u017bABKI<\/span><\/strong>\u00a0to nasze \u015bredniaki z charakterem. Zawsze gotowe na nowe wyzwania.\u00a0<\/p>\n<p>Grupa <strong><span class=\"has-inline-color\" style=\"color: #f8b74e;\">MISIE<\/span><\/strong>, grupa <strong><span class=\"has-inline-color\" style=\"color: #efe2a7;\">S\u00d3WKI<\/span><\/strong>, grupa <strong><span class=\"has-inline-color\" style=\"color: #f78308;\">LISKI<\/span><\/strong> to grupy najstarsze. Nasi eksperci od wszystkiego. Z dum\u0105 przygotowuj\u0105 si\u0119 do szkolnej przygody.<\/p>\n<p><!-- \/wp:paragraph --><!-- wp:paragraph --><\/p>\n<p><!-- \/wp:paragraph --><!-- wp:paragraph {\"align\":\"left\",\"dropCap\":true} --><\/p>\n<p class=\"has-text-align-left\">\u00a0<\/p>\n<p><!-- \/wp:paragraph --><\/p>\t\t\t\t\t\t<\/div>\n\t\t\t\t<\/div>\n\t\t\t\t\t<\/div>\n\t\t<\/div>\n\t\t\t\t\t\t\t<\/div>\n\t\t<\/section>\n\t\t\t\t\t\t\t<\/div>\n\t\t","protected":false},"excerpt":{"rendered":"<p>Ka\u017cda z naszych grup to ma\u0142y wszech\u015bwiat, pe\u0142en energii, ciekawo\u015bci i codziennych odkry\u0107. \u00a0 W bie\u017c\u0105cym roku 2025\/2026 w naszym przedszkolu funkcjonuj\u0105 nast\u0119puj\u0105ce oddzia\u0142y przedszkolne: Grupa JE\u017bE i grupa MOTYLKI\u00a0to nasi najm\u0142odsi odkrywcy, kt\u00f3rzy dopiero ucz\u0105 si\u0119, \u017ce np. plastelina nie s\u0142u\u017cy do jedzenia. Grupa ZAJ\u0104CZKI\u00a0i grupa SKRZATY to ju\u017c nie takie najm\u0142odsze dzieci, ale [&hellip;]<\/p>\n","protected":false},"author":1,"featured_media":0,"parent":11,"menu_order":0,"comment_status":"closed","ping_status":"closed","template":"","meta":{"ngg_post_thumbnail":0,"footnotes":""},"_links":{"self":[{"href":"https:\/\/ple187.poznan.pl\/index.php\/wp-json\/wp\/v2\/pages\/13"}],"collection":[{"href":"https:\/\/ple187.poznan.pl\/index.php\/wp-json\/wp\/v2\/pages"}],"about":[{"href":"https:\/\/ple187.poznan.pl\/index.php\/wp-json\/wp\/v2\/types\/page"}],"author":[{"embeddable":true,"href":"https:\/\/ple187.poznan.pl\/index.php\/wp-json\/wp\/v2\/users\/1"}],"replies":[{"embeddable":true,"href":"https:\/\/ple187.poznan.pl\/index.php\/wp-json\/wp\/v2\/comments?post=13"}],"version-history":[{"count":135,"href":"https:\/\/ple187.poznan.pl\/index.php\/wp-json\/wp\/v2\/pages\/13\/revisions"}],"predecessor-version":[{"id":5722,"href":"https:\/\/ple187.poznan.pl\/index.php\/wp-json\/wp\/v2\/pages\/13\/revisions\/5722"}],"up":[{"embeddable":true,"href":"https:\/\/ple187.poznan.pl\/index.php\/wp-json\/wp\/v2\/pages\/11"}],"wp:attachment":[{"href":"https:\/\/ple187.poznan.pl\/index.php\/wp-json\/wp\/v2\/media?parent=13"}],"curies":[{"name":"wp","href":"https:\/\/api.w.org\/{rel}","templated":true}]}}