{"id":138,"date":"2021-09-02T09:28:51","date_gmt":"2021-09-02T07:28:51","guid":{"rendered":"http:\/\/prz187.openworld24.pl\/?page_id=138"},"modified":"2026-04-01T08:38:35","modified_gmt":"2026-04-01T06:38:35","slug":"jadlospis","status":"publish","type":"page","link":"https:\/\/ple187.poznan.pl\/index.php\/jadlospis\/","title":{"rendered":"Posi\u0142ki"},"content":{"rendered":"\n<p class=\"has-text-align-center\"><em>Us\u0142ug\u0119 \u017cywienia dzieci w ZS-P nr 1 w Poznaniu \u015bwiadczy firma&nbsp;J&amp;J Podolscy s.c.<strong><br><\/strong>Wi\u0119cej informacji na temat \u017cywienia dzieci dost\u0119pnych jest na stronie&nbsp;<\/em><a rel=\"noreferrer noopener\" href=\"http:\/\/www.kuchniacateringowa.pl\/\" target=\"_blank\"><em>www.kuchniacateringowa.pl<\/em><\/a><em>.<\/em><\/p>\n\n\n\n<p><\/p>\n\n\n\n<p class=\"has-text-align-center\"><strong><em>Aktualny jad\u0142ospis<\/em>:<\/strong><\/p>\n\n\n\n<div class=\"wp-block-file\"><a id=\"wp-block-file--media-07c3a56e-9c2e-4081-8c1e-330f3861d6b9\" href=\"https:\/\/ple187.poznan.pl\/wp-content\/uploads\/2026\/04\/Menu-na-kwiecien-I-Przedszkole.pdf\">Menu-na-kwiecien-I-Przedszkole<\/a><\/div>\n\n\n\n<div class=\"wp-block-file\"><a id=\"wp-block-file--media-498b2ce3-8a95-4197-860b-2532e61c9c0d\" href=\"https:\/\/ple187.poznan.pl\/wp-content\/uploads\/2026\/04\/Menu-kwiecien-I-Przedszkole-dieta-bezglutenowa.pdf\">Menu-kwiecien-I-Przedszkole-dieta-bezglutenowa<\/a><\/div>\n\n\n\n<div class=\"wp-block-file\"><a id=\"wp-block-file--media-1237d876-10f7-42a1-b3de-2fb0bff43006\" href=\"https:\/\/ple187.poznan.pl\/wp-content\/uploads\/2026\/04\/Menu-kwiecien-I-Przedszkole-dieta-bezmleczna.pdf\">Menu-kwiecien-I-Przedszkole-dieta-bezmleczna<\/a><\/div>\n\n\n\n<div class=\"wp-block-file\"><a id=\"wp-block-file--media-fb7aff56-6613-492c-9141-3c1568bd17e8\" href=\"https:\/\/ple187.poznan.pl\/wp-content\/uploads\/2026\/04\/Menu-kwiecien-I-Przedszkole-dieta-wegetarianska.pdf\">Menu-kwiecien-I-Przedszkole-dieta-wegetarianska<\/a><\/div>\n","protected":false},"excerpt":{"rendered":"<p>Us\u0142ug\u0119 \u017cywienia dzieci w ZS-P nr 1 w Poznaniu \u015bwiadczy firma&nbsp;J&amp;J Podolscy s.c.Wi\u0119cej informacji na temat \u017cywienia dzieci dost\u0119pnych jest na stronie&nbsp;www.kuchniacateringowa.pl. Aktualny jad\u0142ospis:<\/p>\n","protected":false},"author":1,"featured_media":0,"parent":0,"menu_order":0,"comment_status":"closed","ping_status":"closed","template":"","meta":{"ngg_post_thumbnail":0,"footnotes":""},"_links":{"self":[{"href":"https:\/\/ple187.poznan.pl\/index.php\/wp-json\/wp\/v2\/pages\/138"}],"collection":[{"href":"https:\/\/ple187.poznan.pl\/index.php\/wp-json\/wp\/v2\/pages"}],"about":[{"href":"https:\/\/ple187.poznan.pl\/index.php\/wp-json\/wp\/v2\/types\/page"}],"author":[{"embeddable":true,"href":"https:\/\/ple187.poznan.pl\/index.php\/wp-json\/wp\/v2\/users\/1"}],"replies":[{"embeddable":true,"href":"https:\/\/ple187.poznan.pl\/index.php\/wp-json\/wp\/v2\/comments?post=138"}],"version-history":[{"count":207,"href":"https:\/\/ple187.poznan.pl\/index.php\/wp-json\/wp\/v2\/pages\/138\/revisions"}],"predecessor-version":[{"id":6022,"href":"https:\/\/ple187.poznan.pl\/index.php\/wp-json\/wp\/v2\/pages\/138\/revisions\/6022"}],"wp:attachment":[{"href":"https:\/\/ple187.poznan.pl\/index.php\/wp-json\/wp\/v2\/media?parent=138"}],"curies":[{"name":"wp","href":"https:\/\/api.w.org\/{rel}","templated":true}]}}