{"id":17,"date":"2021-08-18T19:56:43","date_gmt":"2021-08-18T17:56:43","guid":{"rendered":"http:\/\/prz187.openworld24.pl\/?page_id=17"},"modified":"2021-09-13T09:13:17","modified_gmt":"2021-09-13T07:13:17","slug":"plan-dnia","status":"publish","type":"page","link":"https:\/\/ple187.poznan.pl\/index.php\/o-przedszkolu\/plan-dnia\/","title":{"rendered":"Plan dnia"},"content":{"rendered":"\n<p>W Przedszkolu nr 187 obowi\u0105zuje nast\u0119puj\u0105cy rozk\u0142ad dnia:<\/p>\n\n\n\n<ul><li><strong>od godziny 06:00 do godziny 08:30<br><\/strong>Schodzenie si\u0119 dzieci, zabawy dowolne, praca indywidualna wspieraj\u0105ca rozw\u00f3j dziecka.<\/li><li><strong>od godziny 08:30 do godziny 08:45<\/strong><br>\u0106wiczenia poranne, zabawy ruchowe, czynno\u015bci samoobs\u0142ugowe.<\/li><li><strong>od godziny&nbsp; 08.45 do godziny 10.00<\/strong><br>Pierwsze \u015bniadanie.<\/li><li><strong>od godziny 10:00 do godziny 11:30<\/strong><br>Zaj\u0119cia dydaktyczne realizowane wg wybranego programu wychowania przedszkolnego, koncerty, wycieczki, przedstawienia teatralne wg harmonogramu imprez.<\/li><li><strong>od godziny 11:30 do godziny 12:30<\/strong><br>Zabawy w ogrodzie przedszkolnym, spacery.<\/li><li><strong>od godziny 11:30 do godziny 13:15<\/strong><br>Odpoczynek w m\u0142odszych grupach, zaj\u0119cia relaksacyjne, zadania dydaktyczne realizowane wed\u0142ug programu wychowawczego.<\/li><li><strong>od godziny 12:30 do godziny 13:00<\/strong><br>Przygotowanie do obiadu, czynno\u015bci samoobs\u0142ugowe.<\/li><li><strong>od godziny 13:00 do godziny 14:30<\/strong><br>Obiad.<\/li><li>Podwieczorek odbierany podczas obiadu do spo\u017cycia w salach po obiedzie<\/li><li><strong>od godziny 14:30 do godziny 17:00<\/strong><br>Zabawy stymuluj\u0105ce inicjowane przez nauczyciela, zaj\u0119cia wyr\u00f3wnawcze, zabawy podejmowane przez dzieci pod opiek\u0105 nauczyciela w k\u0105cikach zainteresowa\u0144, rozchodzenie si\u0119 dzieci.<\/li><\/ul>\n\n\n\n<p><\/p>\n","protected":false},"excerpt":{"rendered":"<p>W Przedszkolu nr 187 obowi\u0105zuje nast\u0119puj\u0105cy rozk\u0142ad dnia: od godziny 06:00 do godziny 08:30Schodzenie si\u0119 dzieci, zabawy dowolne, praca indywidualna wspieraj\u0105ca rozw\u00f3j dziecka. od godziny 08:30 do godziny 08:45\u0106wiczenia poranne, zabawy ruchowe, czynno\u015bci samoobs\u0142ugowe. od godziny&nbsp; 08.45 do godziny 10.00Pierwsze \u015bniadanie. od godziny 10:00 do godziny 11:30Zaj\u0119cia dydaktyczne realizowane wg wybranego programu wychowania przedszkolnego, koncerty, [&hellip;]<\/p>\n","protected":false},"author":1,"featured_media":0,"parent":11,"menu_order":0,"comment_status":"closed","ping_status":"closed","template":"","meta":{"ngg_post_thumbnail":0,"footnotes":""},"_links":{"self":[{"href":"https:\/\/ple187.poznan.pl\/index.php\/wp-json\/wp\/v2\/pages\/17"}],"collection":[{"href":"https:\/\/ple187.poznan.pl\/index.php\/wp-json\/wp\/v2\/pages"}],"about":[{"href":"https:\/\/ple187.poznan.pl\/index.php\/wp-json\/wp\/v2\/types\/page"}],"author":[{"embeddable":true,"href":"https:\/\/ple187.poznan.pl\/index.php\/wp-json\/wp\/v2\/users\/1"}],"replies":[{"embeddable":true,"href":"https:\/\/ple187.poznan.pl\/index.php\/wp-json\/wp\/v2\/comments?post=17"}],"version-history":[{"count":2,"href":"https:\/\/ple187.poznan.pl\/index.php\/wp-json\/wp\/v2\/pages\/17\/revisions"}],"predecessor-version":[{"id":176,"href":"https:\/\/ple187.poznan.pl\/index.php\/wp-json\/wp\/v2\/pages\/17\/revisions\/176"}],"up":[{"embeddable":true,"href":"https:\/\/ple187.poznan.pl\/index.php\/wp-json\/wp\/v2\/pages\/11"}],"wp:attachment":[{"href":"https:\/\/ple187.poznan.pl\/index.php\/wp-json\/wp\/v2\/media?parent=17"}],"curies":[{"name":"wp","href":"https:\/\/api.w.org\/{rel}","templated":true}]}}