{"id":177,"date":"2021-09-13T09:14:14","date_gmt":"2021-09-13T07:14:14","guid":{"rendered":"http:\/\/prz187.openworld24.pl\/?page_id=177"},"modified":"2021-09-14T09:33:35","modified_gmt":"2021-09-14T07:33:35","slug":"dojazd","status":"publish","type":"page","link":"https:\/\/ple187.poznan.pl\/index.php\/o-przedszkolu\/dojazd\/","title":{"rendered":"Dojazd"},"content":{"rendered":"\n<p>Przedszkole&nbsp;zlokalizowane jest w dzielnicy Stare Miasto na osiedlu W\u0142adys\u0142awa \u0141okietka w Poznaniu. Mie\u015bci si\u0119 w centralnej cz\u0119\u015bci osiedla. Dojazd jest bardzo dogodny. Z centrum miasta w stron\u0119 przedszkola kursuj\u0105 autobusy linii:<\/p>\n\n\n\n<ul><li>169 \u2013 os. Kopernika \u2013 os. W\u0142. \u0141okietka<\/li><li>147 \u2013 Chwaliszewo \u2013 Ma\u0142e Garbary \u2013 Boranta<\/li><li>167 \u2013 \u015ar\u00f3dka \u2013 Ma\u0142e Garbary -Radojewo<\/li><\/ul>\n\n\n\n<p>Obecnie z przystanku PeSTki \u2013 \u201eKurpi\u0144skiego\u201d istniej\u0105 dogodne przesiadki na autobusy &nbsp;(dojazd w 4 minuty), pieszo ok. 10 minut. Niebawem r\u00f3wnie\u017c powstanie nowa komunikacja tramwajowa na Naramowice oraz trasa &#8222;Nowa Naramowicka&#8221; &#8211; z kt\u00f3rej doj\u015bcie do naszego przedszkola b\u0119dzie zajmowa\u0107 ok. 5 minut.<\/p>\n","protected":false},"excerpt":{"rendered":"<p>Przedszkole&nbsp;zlokalizowane jest w dzielnicy Stare Miasto na osiedlu W\u0142adys\u0142awa \u0141okietka w Poznaniu. Mie\u015bci si\u0119 w centralnej cz\u0119\u015bci osiedla. Dojazd jest bardzo dogodny. Z centrum miasta w stron\u0119 przedszkola kursuj\u0105 autobusy linii: 169 \u2013 os. Kopernika \u2013 os. W\u0142. \u0141okietka 147 \u2013 Chwaliszewo \u2013 Ma\u0142e Garbary \u2013 Boranta 167 \u2013 \u015ar\u00f3dka \u2013 Ma\u0142e Garbary -Radojewo Obecnie [&hellip;]<\/p>\n","protected":false},"author":1,"featured_media":0,"parent":11,"menu_order":0,"comment_status":"closed","ping_status":"closed","template":"","meta":{"ngg_post_thumbnail":0,"footnotes":""},"_links":{"self":[{"href":"https:\/\/ple187.poznan.pl\/index.php\/wp-json\/wp\/v2\/pages\/177"}],"collection":[{"href":"https:\/\/ple187.poznan.pl\/index.php\/wp-json\/wp\/v2\/pages"}],"about":[{"href":"https:\/\/ple187.poznan.pl\/index.php\/wp-json\/wp\/v2\/types\/page"}],"author":[{"embeddable":true,"href":"https:\/\/ple187.poznan.pl\/index.php\/wp-json\/wp\/v2\/users\/1"}],"replies":[{"embeddable":true,"href":"https:\/\/ple187.poznan.pl\/index.php\/wp-json\/wp\/v2\/comments?post=177"}],"version-history":[{"count":2,"href":"https:\/\/ple187.poznan.pl\/index.php\/wp-json\/wp\/v2\/pages\/177\/revisions"}],"predecessor-version":[{"id":379,"href":"https:\/\/ple187.poznan.pl\/index.php\/wp-json\/wp\/v2\/pages\/177\/revisions\/379"}],"up":[{"embeddable":true,"href":"https:\/\/ple187.poznan.pl\/index.php\/wp-json\/wp\/v2\/pages\/11"}],"wp:attachment":[{"href":"https:\/\/ple187.poznan.pl\/index.php\/wp-json\/wp\/v2\/media?parent=177"}],"curies":[{"name":"wp","href":"https:\/\/api.w.org\/{rel}","templated":true}]}}