{"id":198,"date":"2021-09-13T09:37:07","date_gmt":"2021-09-13T07:37:07","guid":{"rendered":"http:\/\/prz187.openworld24.pl\/?page_id=198"},"modified":"2021-09-13T09:37:40","modified_gmt":"2021-09-13T07:37:40","slug":"zywienie","status":"publish","type":"page","link":"https:\/\/ple187.poznan.pl\/index.php\/dla-rodzicow\/zywienie\/","title":{"rendered":"\u017bywienie"},"content":{"rendered":"\n<p><em>Us\u0142ug\u0119 \u017cywienia dzieci w ZS-P nr 1 w Poznaniu \u015bwiadczy firma&nbsp;<strong>J&amp;J Podolscy s.c.<br><\/strong>Wi\u0119cej informacji na temat \u017cywienia dzieci dost\u0119pnych jest na stronie&nbsp;<\/em><a href=\"http:\/\/www.kuchniacateringowa.pl\/\" target=\"_blank\" rel=\"noreferrer noopener\"><em>www.kuchniacateringowa.pl<\/em><\/a><em>.<\/em><\/p>\n","protected":false},"excerpt":{"rendered":"<p>Us\u0142ug\u0119 \u017cywienia dzieci w ZS-P nr 1 w Poznaniu \u015bwiadczy firma&nbsp;J&amp;J Podolscy s.c.Wi\u0119cej informacji na temat \u017cywienia dzieci dost\u0119pnych jest na stronie&nbsp;www.kuchniacateringowa.pl.<\/p>\n","protected":false},"author":1,"featured_media":0,"parent":200,"menu_order":0,"comment_status":"closed","ping_status":"closed","template":"","meta":{"ngg_post_thumbnail":0,"footnotes":""},"_links":{"self":[{"href":"https:\/\/ple187.poznan.pl\/index.php\/wp-json\/wp\/v2\/pages\/198"}],"collection":[{"href":"https:\/\/ple187.poznan.pl\/index.php\/wp-json\/wp\/v2\/pages"}],"about":[{"href":"https:\/\/ple187.poznan.pl\/index.php\/wp-json\/wp\/v2\/types\/page"}],"author":[{"embeddable":true,"href":"https:\/\/ple187.poznan.pl\/index.php\/wp-json\/wp\/v2\/users\/1"}],"replies":[{"embeddable":true,"href":"https:\/\/ple187.poznan.pl\/index.php\/wp-json\/wp\/v2\/comments?post=198"}],"version-history":[{"count":1,"href":"https:\/\/ple187.poznan.pl\/index.php\/wp-json\/wp\/v2\/pages\/198\/revisions"}],"predecessor-version":[{"id":199,"href":"https:\/\/ple187.poznan.pl\/index.php\/wp-json\/wp\/v2\/pages\/198\/revisions\/199"}],"up":[{"embeddable":true,"href":"https:\/\/ple187.poznan.pl\/index.php\/wp-json\/wp\/v2\/pages\/200"}],"wp:attachment":[{"href":"https:\/\/ple187.poznan.pl\/index.php\/wp-json\/wp\/v2\/media?parent=198"}],"curies":[{"name":"wp","href":"https:\/\/api.w.org\/{rel}","templated":true}]}}