{"id":399,"date":"2021-09-15T08:17:10","date_gmt":"2021-09-15T06:17:10","guid":{"rendered":"http:\/\/prz187.openworld24.pl\/?page_id=399"},"modified":"2024-09-20T13:23:30","modified_gmt":"2024-09-20T11:23:30","slug":"dokumenty-do-pobrania","status":"publish","type":"page","link":"https:\/\/ple187.poznan.pl\/index.php\/dokumenty-do-pobrania\/","title":{"rendered":"Dokumenty"},"content":{"rendered":"\t\t<div data-elementor-type=\"wp-page\" data-elementor-id=\"399\" class=\"elementor elementor-399\" data-elementor-post-type=\"page\">\n\t\t\t\t\t\t\t\t\t<section class=\"elementor-section elementor-top-section elementor-element elementor-element-7b6a37ad elementor-section-boxed elementor-section-height-default elementor-section-height-default\" data-id=\"7b6a37ad\" data-element_type=\"section\">\n\t\t\t\t\t\t<div class=\"elementor-container elementor-column-gap-default\">\n\t\t\t\t\t<div class=\"elementor-column elementor-col-100 elementor-top-column elementor-element elementor-element-6940657c\" data-id=\"6940657c\" data-element_type=\"column\">\n\t\t\t<div class=\"elementor-widget-wrap elementor-element-populated\">\n\t\t\t\t\t\t\t\t<div class=\"elementor-element elementor-element-2a1b76fa elementor-widget elementor-widget-text-editor\" data-id=\"2a1b76fa\" data-element_type=\"widget\" data-widget_type=\"text-editor.default\">\n\t\t\t\t<div class=\"elementor-widget-container\">\n\t\t\t<style>\/*! elementor - v3.16.0 - 17-10-2023 *\/\n.elementor-widget-text-editor.elementor-drop-cap-view-stacked .elementor-drop-cap{background-color:#69727d;color:#fff}.elementor-widget-text-editor.elementor-drop-cap-view-framed .elementor-drop-cap{color:#69727d;border:3px solid;background-color:transparent}.elementor-widget-text-editor:not(.elementor-drop-cap-view-default) .elementor-drop-cap{margin-top:8px}.elementor-widget-text-editor:not(.elementor-drop-cap-view-default) .elementor-drop-cap-letter{width:1em;height:1em}.elementor-widget-text-editor .elementor-drop-cap{float:left;text-align:center;line-height:1;font-size:50px}.elementor-widget-text-editor .elementor-drop-cap-letter{display:inline-block}<\/style>\t\t\t\t<p><!-- wp:file {\"id\":381,\"href\":\"http:\/\/przedszkole187.zs-p1.pl\/wp-content\/uploads\/2021\/09\/1.-Klauzula-informacyjna-ogolna.pdf\",\"displayPreview\":false} --><\/p>\n<p><!-- \/wp:file --><!-- wp:file {\"id\":382,\"href\":\"http:\/\/przedszkole187.zs-p1.pl\/wp-content\/uploads\/2021\/09\/2.-Monitoring-wizyjny.pdf\",\"displayPreview\":false} --><!-- \/wp:file --><!-- wp:file {\"id\":383,\"href\":\"http:\/\/przedszkole187.zs-p1.pl\/wp-content\/uploads\/2021\/09\/3.-Upowaznienie-do-odbioru-dziecka-z-przedszkola-1.pdf\",\"displayPreview\":false} --><!-- \/wp:file --><!-- wp:file {\"id\":384,\"href\":\"http:\/\/przedszkole187.zs-p1.pl\/wp-content\/uploads\/2021\/09\/4.-Informacja-o-stanie-zdrowia-dziecka.pdf\",\"displayPreview\":false} --><!-- \/wp:file --><!-- wp:file {\"id\":385,\"href\":\"http:\/\/przedszkole187.zs-p1.pl\/wp-content\/uploads\/2021\/09\/5.-Wizerunek-dziecka-i-rodzica.pdf\",\"displayPreview\":false} --><!-- \/wp:file --><!-- wp:file {\"id\":386,\"href\":\"http:\/\/przedszkole187.zs-p1.pl\/wp-content\/uploads\/2021\/09\/6.-Wizerunek-osob-innych-niz-dzieci-dla-drugiego-rodzica-babci-dziadka-i-innych-osob.pdf\",\"displayPreview\":false} --><!-- \/wp:file --><!-- wp:file {\"id\":448,\"href\":\"https:\/\/przedszkole187.zs-p1.pl\/wp-content\/uploads\/2021\/09\/Karta-informacyjnaDzieckaP_2021-22.pdf\",\"displayPreview\":true} --><\/p>\n<h3><strong>Dokumenty reguluj\u0105ce prac\u0119 przedszkola:<\/strong><\/h3>\n<ul>\n<li>\n<h5><a href=\"https:\/\/przedszkole187.zs-p1.pl\/wp-content\/uploads\/2024\/09\/Statut-P-187-od-01.09.2024-sig.pdf\">STATUT PRZEDSZKOLA NR 187 LE\u015aNY ZAK\u0104TEK w ZS-P Nr 1 w Poznaniu\u00a0<\/a><\/h5>\n<\/li>\n<li>\n<h5><a href=\"https:\/\/przedszkole187.zs-p1.pl\/wp-content\/uploads\/2024\/09\/Roczny-plan-pracy-P187-2024-25.pdf\">PLAN PRACY PRZEDSZKOLA 2024\/25<\/a><\/h5>\n<\/li>\n<li>\n<h5><a href=\"https:\/\/przedszkole187.zs-p1.pl\/wp-content\/uploads\/2022\/09\/PLAN-PROMOCJI-PRZEDSZKOLA-rok-2022-2023.pdf\">PLAN PROMOCJI PRZEDSZKOLA<\/a><\/h5>\n<\/li>\n<li>\n<h5><a href=\"https:\/\/przedszkole187.zs-p1.pl\/wp-content\/uploads\/2024\/09\/Program-Wych.-Profilaktyczny-ZS-P-nr-1-2024-25.pdf\">Program WYCH. &#8211; PROF.<\/a><\/h5>\n<\/li>\n<li>\n<h5><a href=\"https:\/\/przedszkole187.zs-p1.pl\/wp-content\/uploads\/2024\/09\/Kalendarz-uroczystosci-P187-2024-25.pdf\">KALENDARZ IMPREZ I UROCZYSTO\u015aCI 2024\/25<\/a><\/h5>\n<\/li>\n<li>\n<h5><a href=\"https:\/\/przedszkole187.zs-p1.pl\/wp-content\/uploads\/2022\/09\/WSDZ-2022-23-aktualne.pdf\">WSDZ<\/a><\/h5>\n<\/li>\n<li>\n<h5><a href=\"https:\/\/przedszkole187.zs-p1.pl\/wp-content\/uploads\/2022\/09\/Przedszkolny-zestaw-programow-i-kart-pracy-2022-23.pdf\">PZEDSZKOLNY ZESTAW PROGRAM\u00d3W I KART PRACY<\/a><\/h5>\n<\/li>\n<li>\n<h5><a href=\"https:\/\/przedszkole187.zs-p1.pl\/wp-content\/uploads\/2022\/09\/Procedura-organizacji-nauki-zdalnej-w-ZS-P-nr-1-od-1.09.2022-r..pdf\">ZS-P Nr 1 w Poznaniu &#8211; Procedura organizacji nauki zdalnej od 01.09.2022<\/a><\/h5>\n<\/li>\n<li>\n<h5><a href=\"https:\/\/przedszkole187.zs-p1.pl\/wp-content\/uploads\/2022\/04\/Procedura-bezpieczenstwa-zdrowotnego-w-P187-w-ZS-P1-od-1.04.2022.pdf\">ZS-P Nr 1 w Poznaniu &#8211; Procedura bezpiecze\u0144stwa zdrowotnego stosowana w Przedszkolu Nr 187 Le\u015bny Zak\u0105tek od 01.04.2022<\/a><\/h5>\n<\/li>\n<li>\n<h5><a href=\"https:\/\/przedszkole187.zs-p1.pl\/wp-content\/uploads\/2021\/11\/Procedury-COVID-19-P-1.09.2021.pdf\">ZS-P Nr 1 w Poznaniu &#8211; Procedury bezpiecze\u0144stwa w trakcie epidemii COVID 19 obowi\u0105zuj\u0105ce od 01.09.2021<\/a><\/h5>\n<\/li>\n<li>\n<h5><a href=\"https:\/\/przedszkole187.zs-p1.pl\/wp-content\/uploads\/2021\/11\/procedura-zawieszenia-zajec-w-ZS-P1.pdf\">ZS-P Nr 1 w Poznaniu &#8211; Procedura zawieszenia zaj\u0119\u0107<\/a><\/h5>\n<\/li>\n<li>\n<h5><a href=\"https:\/\/przedszkole187.zs-p1.pl\/wp-content\/uploads\/2021\/11\/procedura-nauczanie-hybrydowe-w-ZS-P1.pdf\">ZS-P Nr 1 w Poznaniu &#8211; Procedura zwi\u0105zana z nauczaniem hybrydowym<\/a><\/h5>\n<\/li>\n<\/ul>\n<p><!-- \/wp:paragraph --><\/p>\t\t\t\t\t\t<\/div>\n\t\t\t\t<\/div>\n\t\t\t\t\t<\/div>\n\t\t<\/div>\n\t\t\t\t\t\t\t<\/div>\n\t\t<\/section>\n\t\t\t\t\t\t\t<\/div>\n\t\t","protected":false},"excerpt":{"rendered":"","protected":false},"author":1,"featured_media":0,"parent":0,"menu_order":0,"comment_status":"closed","ping_status":"closed","template":"","meta":{"ngg_post_thumbnail":0,"footnotes":""},"_links":{"self":[{"href":"https:\/\/ple187.poznan.pl\/index.php\/wp-json\/wp\/v2\/pages\/399"}],"collection":[{"href":"https:\/\/ple187.poznan.pl\/index.php\/wp-json\/wp\/v2\/pages"}],"about":[{"href":"https:\/\/ple187.poznan.pl\/index.php\/wp-json\/wp\/v2\/types\/page"}],"author":[{"embeddable":true,"href":"https:\/\/ple187.poznan.pl\/index.php\/wp-json\/wp\/v2\/users\/1"}],"replies":[{"embeddable":true,"href":"https:\/\/ple187.poznan.pl\/index.php\/wp-json\/wp\/v2\/comments?post=399"}],"version-history":[{"count":270,"href":"https:\/\/ple187.poznan.pl\/index.php\/wp-json\/wp\/v2\/pages\/399\/revisions"}],"predecessor-version":[{"id":5004,"href":"https:\/\/ple187.poznan.pl\/index.php\/wp-json\/wp\/v2\/pages\/399\/revisions\/5004"}],"wp:attachment":[{"href":"https:\/\/ple187.poznan.pl\/index.php\/wp-json\/wp\/v2\/media?parent=399"}],"curies":[{"name":"wp","href":"https:\/\/api.w.org\/{rel}","templated":true}]}}