{"id":735,"date":"2021-11-09T08:59:22","date_gmt":"2021-11-09T07:59:22","guid":{"rendered":"https:\/\/ple187.poznan.pl\/?page_id=735"},"modified":"2026-03-18T09:33:49","modified_gmt":"2026-03-18T08:33:49","slug":"dostepnosc","status":"publish","type":"page","link":"https:\/\/ple187.poznan.pl\/index.php\/dostepnosc\/","title":{"rendered":"Dost\u0119pno\u015b\u0107"},"content":{"rendered":"\n<h1 id=\"a11y-deklaracja\">Deklaracja dost\u0119pno\u015bci Strony internetowej Przedszkola nr 187 w Poznaniu<\/h1>\n<p id=\"a11y-wstep\"><span id=\"a11y-podmiot\">Przedszkole nr 187 w Poznaniu<\/span> zobowi\u0105zuje si\u0119 zapewni\u0107 dost\u0119pno\u015b\u0107 swojej strony internetowej zgodnie z przepisami ustawy z dnia 4&nbsp;kwietnia 2019&nbsp;r. o&nbsp;dost\u0119pno\u015bci cyfrowej stron internetowych i&nbsp;aplikacji mobilnych podmiot\u00f3w publicznych. O\u015bwiadczenie w sprawie dost\u0119pno\u015bci ma zastosowanie do strony internetowej <a id=\"a11y-url\" href=\"https:\/\/ple187.poznan.pl\">Strony internetowej Przedszkola nr 187 w Poznaniu<\/a>.<\/p>\n<ul>\n    <li>Data publikacji strony internetowej: <time id=\"a11y-data-publikacja\" datetime=\"2021-10-17\">2021-10-17<\/time><\/li>\n    <li>Data ostatniej istotnej aktualizacji: <time id=\"a11y-data-aktualizacja\" datetime=\"2021-10-17\">2021-10-17<\/time><\/li>\n<\/ul>\n<h2>Status pod wzgl\u0119dem zgodno\u015bci z ustaw\u0105<\/h2>\n    <p>Strona internetowa jest <strong id=\"a11y-status\">zgodna<\/strong> z&nbsp;ustaw\u0105 o&nbsp;dost\u0119pno\u015bci cyfrowej stron internetowych i&nbsp;aplikacji mobilnych podmiot\u00f3w publicznych. <\/p>\n\n\n\n\n<h3> Przygotowanie deklaracji w sprawie dost\u0119pno\u015bci<\/h3>\n<ul>\n<li>Deklaracj\u0119 sporz\u0105dzono dnia:  <time id=\"a11y-data-sporzadzenie\" datetime=\"2021-10-17\">2021-10-17<\/time><\/li>\n<li>Deklaracj\u0119 zosta\u0142a ostatnio poddana przegl\u0105dowi i aktualizacji dnia:  <time id=\"a11y-data-deklaracja-przeglad\" datetime=\"2026-03-17\">2026-03-17<\/time><\/li>\n<\/ul>\n\n    <p>Deklaracj\u0119 sporz\u0105dzono na podstawie samooceny. <\/p>\n\n    <p>Pobierz <a href=\"http:\/\/checkers.eiii.eu\/en\/pagecheck2.0\/?uuid=e604cf80-03e0-445d-96aa-f9120c0eb1d5\">Raport z wynikami przegl\u0105du dost\u0119pno\u015bci<\/a>.<\/p>\n\n<h2 id=\"a11y-kontakt\">Informacje zwrotne i dane kontaktowe<\/h2>\n<ul>\n<li>Za rozpatrywanie uwag i wniosk\u00f3w odpowiada:  <span id=\"a11y-osoba\">Jolanta Zieli\u0144ska \u2013 Wachowiak<\/span>.<\/li>\n<li>E-mail: <span id=\"a11y-email\">p187@poznan.interklasa.pl<\/span><\/li>\n<li>Telefon: <span id=\"a11y-telefon\">618227701<\/span><\/li>\n<\/ul>\n\n<p id=\"a11y-procedura\">Ka\u017cdy ma prawo:<\/p>\n<ul>\n    <li>zg\u0142osi\u0107 uwagi dotycz\u0105ce dost\u0119pno\u015bci cyfrowej strony lub jej elementu,<\/li>\n    <li>zg\u0142osi\u0107 \u017c\u0105danie zapewnienia dost\u0119pno\u015bci cyfrowej strony lub jej elementu,<\/li>\n    <li>wnioskowa\u0107 o udost\u0119pnienie niedost\u0119pnej informacji w innej alternatywnej formie.<\/li>\n<\/ul>\n<p>\u017b\u0105danie musi zawiera\u0107:<\/p>\n<ul>\n    <li>dane kontaktowe osoby zg\u0142aszaj\u0105cej,<\/li>\n    <li>wskazanie strony lub elementu strony, kt\u00f3rej dotyczy \u017c\u0105danie,<\/li>\n    <li>wskazanie dogodnej formy udost\u0119pnienia informacji, je\u015bli \u017c\u0105danie dotyczy udost\u0119pnienia w formie alternatywnej informacji niedost\u0119pnej.<\/li>\n<\/ul>\n<p>Rozpatrzenie zg\u0142oszenia powinno nast\u0105pi\u0107 niezw\u0142ocznie, najp\u00f3\u017aniej w ci\u0105gu 7 dni. Je\u015bli w tym terminie zapewnienie dost\u0119pno\u015bci albo zapewnienie dost\u0119pu w alternatywnej formie nie jest mo\u017cliwe, powinno nast\u0105pi\u0107 najdalej w ci\u0105gu 2 miesi\u0119cy od daty zg\u0142oszenia.<\/p>\n\n<h3>Skargi i odwo\u0142ania<\/h3>\n<p>Na niedotrzymanie tych termin\u00f3w oraz na odmow\u0119 realizacji \u017c\u0105dania mo\u017cna z\u0142o\u017cy\u0107 skarg\u0119 do organu nadzoruj\u0105cego poczt\u0105 lub drog\u0105 elektroniczn\u0105 na adres:<\/p>\n<ul>\n<li>Organ nadzoruj\u0105cy: Dyrektor Przedszkola nr 187 w Poznaniu<\/li>\n<li>Adres: osiedle W\u0142adys\u0142awa \u0141okietka 104, 61-616 Pozna\u0144<\/li>\n<li>E-mail: p187@poznan.interklasa.pl<\/li>\n<li>Telefon: 618227701<\/li>\n<\/ul>\n<p>Skarg\u0119 mo\u017cna z\u0142o\u017cy\u0107 r\u00f3wnie\u017c do  <a href=\"https:\/\/www.rpo.gov.pl\/content\/jak-zglosic-sie-do-rzecznika-praw-obywatelskich\">Rzecznika Praw Obywatelskich<\/a>.<\/p>\n\n<h2 id=\"a11y-architektura\">Dost\u0119pno\u015b\u0107 architektoniczna<\/h2>\n<p>Do przedszkola prowadz\u0105 schody, jednak posiadaj\u0105 one platform\u0119 podjazdow\u0105 dla w\u00f3zk\u00f3w inwalidzkich. W budynku nie znajduje si\u0119 winda, przez co dla os\u00f3b niepe\u0142nosprawnych dost\u0119pny jest tylko parter budynku. Do budynku mo\u017cna wej\u015b\u0107 z psem asystuj\u0105cym po uprzednim uzgodnieniu tego faktu z dyrekcj\u0105. Przed budynkiem znajduj\u0105 si\u0119 miejsca parkingowe dla os\u00f3b niepe\u0142nosprawnych. W budynku nie zastosowano udogodnie\u0144 dla os\u00f3b nies\u0142ysz\u0105cych i niewidomych (w postaci p\u0119tli indukcyjnych i tym podobnych).<\/p>\n","protected":false},"excerpt":{"rendered":"<p>Deklaracja dost\u0119pno\u015bci Strony internetowej Przedszkola nr 187 w Poznaniu Przedszkole nr 187 w Poznaniu zobowi\u0105zuje si\u0119 zapewni\u0107 dost\u0119pno\u015b\u0107 swojej strony internetowej zgodnie z przepisami ustawy z dnia 4&nbsp;kwietnia 2019&nbsp;r. o&nbsp;dost\u0119pno\u015bci cyfrowej stron internetowych i&nbsp;aplikacji mobilnych podmiot\u00f3w publicznych. O\u015bwiadczenie w sprawie dost\u0119pno\u015bci ma zastosowanie do strony internetowej Strony internetowej Przedszkola nr 187 w Poznaniu. Data publikacji [&hellip;]<\/p>\n","protected":false},"author":1,"featured_media":0,"parent":0,"menu_order":0,"comment_status":"closed","ping_status":"closed","template":"","meta":{"ngg_post_thumbnail":0,"footnotes":""},"_links":{"self":[{"href":"https:\/\/ple187.poznan.pl\/index.php\/wp-json\/wp\/v2\/pages\/735"}],"collection":[{"href":"https:\/\/ple187.poznan.pl\/index.php\/wp-json\/wp\/v2\/pages"}],"about":[{"href":"https:\/\/ple187.poznan.pl\/index.php\/wp-json\/wp\/v2\/types\/page"}],"author":[{"embeddable":true,"href":"https:\/\/ple187.poznan.pl\/index.php\/wp-json\/wp\/v2\/users\/1"}],"replies":[{"embeddable":true,"href":"https:\/\/ple187.poznan.pl\/index.php\/wp-json\/wp\/v2\/comments?post=735"}],"version-history":[{"count":3,"href":"https:\/\/ple187.poznan.pl\/index.php\/wp-json\/wp\/v2\/pages\/735\/revisions"}],"predecessor-version":[{"id":6001,"href":"https:\/\/ple187.poznan.pl\/index.php\/wp-json\/wp\/v2\/pages\/735\/revisions\/6001"}],"wp:attachment":[{"href":"https:\/\/ple187.poznan.pl\/index.php\/wp-json\/wp\/v2\/media?parent=735"}],"curies":[{"name":"wp","href":"https:\/\/api.w.org\/{rel}","templated":true}]}}