{"id":845,"date":"2021-11-19T19:45:10","date_gmt":"2021-11-19T18:45:10","guid":{"rendered":"https:\/\/ple187.poznan.pl\/?page_id=845"},"modified":"2022-01-30T20:21:31","modified_gmt":"2022-01-30T19:21:31","slug":"chor-ekonutki","status":"publish","type":"page","link":"https:\/\/ple187.poznan.pl\/index.php\/chor-ekonutki\/","title":{"rendered":"Ch\u00f3r EkoNutki"},"content":{"rendered":"\n<p class=\"has-text-align-center\">Dzieci w wieku przedszkolnym wykazuj\u0105 du\u017ce zainteresowanie form\u0105 przekazu jakim jest muzyka. Rozw\u00f3j umiej\u0119tno\u015bci wokalnych dziecka jest doskona\u0142\u0105 i kreatywn\u0105 form\u0105 sp\u0119dzania czasu. Obcowanie ze sztuk\u0105 poszerza horyzonty oraz uwra\u017cliwia na \u015bwiat i pi\u0119kno dzieci, kt\u00f3re w tym wieku ch\u0142on\u0105 nowe informacje niczym g\u0105bka, cho\u0107by przez na\u015bladownictwo. Wa\u017cne jest tak\u017ce to, \u017ce wsp\u00f3lne muzykowanie rozwija interakcje spo\u0142eczne w grupie dzieci. <\/p>\n\n\n\n<p class=\"has-text-align-center\">Ch\u00f3r Eko \u2013 Nutki stwarza mo\u017cliwo\u015b\u0107 rozwijania umiej\u0119tno\u015bci muzycznych, zach\u0119ca dzieci do zabawy muzyk\u0105 w atmosferze, zrozumienia, \u017cyczliwo\u015bci i rado\u015bci. Stworzenie odpowiednich warunk\u00f3w wzmacnia r\u00f3wnie\u017c poczucie warto\u015bci, podkre\u015bla indywidualno\u015b\u0107 oraz oryginalno\u015b\u0107 dziecka. Zaspokaja potrzeb\u0119 tworzenia relacji osobowych i uczestnictwa w grupie. Za\u0142o\u017cycielkami ch\u00f3ru s\u0105 p. Natalia Rakowska i p. Sylwia Szczudlak ( 2012 r.) Zaj\u0119cia g\u0142\u00f3wne odbywa\u0142y si\u0119 raz w tygodniu. Podczas jego realizacji dzieci uczestniczy\u0142y w zaj\u0119ciach grupowych. Na wsp\u00f3lnym muzykowaniu spotyka\u0142o si\u0119 oko\u0142o 50 dzieci. W przedszkolu organizowane te\u017c by\u0142y zaj\u0119cia indywidualne, kt\u00f3re odbywa\u0142y si\u0119 poza godzinami pracy oddzia\u0142u. Przeznaczone by\u0142y dla dzieci ch\u0119tnych dla kt\u00f3rych \u015bpiewanie by\u0142o pasj\u0105.<br><\/p>\n\n\n\n<p class=\"has-text-align-center\">Wykorzystujemy takie metody pracy jak \u015bpiew ze s\u0142uchu, \u015bpiew z u\u017cyciem multimedi\u00f3w: karaoke, teledyski piosenek, zagadki s\u0142uchowe -dotycz\u0105ce instrument\u00f3w, gra na prostych instrumentach, zabawy dramowe, zabawy plastyczne, taniec<br>Celem jest rozwijanie muzykalno\u015bci dzieci, wzmocnienie poczucia warto\u015bci, pomoc dzieciom nie\u015bmia\u0142ym i nadaktywnym, szacunek do emocji w\u0142asnych i innych wyst\u0119puj\u0105cych os\u00f3b, rozw\u00f3j wyobra\u017ani, wra\u017cliwo\u015bci, obowi\u0105zkowo\u015bci oraz zorganizowanie zaj\u0119\u0107 dodatkowych wspieraj\u0105cych dzieci szczeg\u00f3lnie uzdolnione lub z pasj\u0105. Ch\u00f3rzy\u015bci swoimi wyst\u0119pami ubogacali wa\u017cne uroczysto\u015bci przedszkolne, ale i spotkania z go\u015b\u0107mi, kt\u00f3rzy zawsze byli mile zaskoczeni tak\u0105 form\u0105 podzi\u0119kowania. Koncertowali podczas zaj\u0119\u0107 profilaktycznych z policjantem, z okazji imienin przedszkola, podczas wizyty pana le\u015bniczego, na przedstawieniu \u201eBezpieczne wakacje\u201d, na kol\u0119dowaniu podczas kiermaszu \u015bwi\u0105tecznego w przedszkolu oraz na kiermaszu osiedlowym. Dzieci za\u015bpiewa\u0142y tak\u017ce na koncercie dla rodzic\u00f3w, podczas festynu \u0141okietkowego. eventu \u201eOddech motyla\u201d, z okazji zako\u0144czenia dzia\u0142alno\u015bci ch\u00f3ru dzieci, kt\u00f3re rozpoczyna\u0142y nauk\u0119 w szkole podstawowej. Dzieci bra\u0142y r\u00f3wnie\u017c udzia\u0142 w przedstawieniach dla ca\u0142ego przedszkola, pokazuj\u0105c swoje umiej\u0119tno\u015bci muzyczno &#8211; taneczne r\u00f3wie\u015bnikom. Dzi\u0119ki licznym wyst\u0119pom przed publiczno\u015bci\u0105 dzieci naby\u0142y do\u015bwiadczenie, kt\u00f3re z pewno\u015bci\u0105 im pomo\u017ce na dalszych szczeblach edukacji. Po ka\u017cdym wyst\u0119pie dzieci otrzymywa\u0142y szereg pozytywnych informacji zwrotnych dotycz\u0105cych ich wyst\u0119pu. Drobne gesty takie jak nagrodzenie ch\u00f3rzyst\u00f3w oklaskami, publiczna i indywidualna pochwa\u0142a ze strony rodzic\u00f3w, dyplom, wzmacnia\u0142y poczucie warto\u015bci i pozytywnie motywowa\u0142y do dalszej pracy.<br>Obecnie ch\u00f3rek Eko Nutki prowadzony jest pod kierownictwem p. Natalii Rakowskiej i obejmuje 25 dzieci. <\/p>\n\n\n\n<p class=\"has-text-align-center\">Zapraszamy do obserwowania naszych dzia\u0142a\u0144, poni\u017cej zamieszczamy fragmenty naszych wyst\u0119p\u00f3w ????<\/p>\n\n\n\n<figure class=\"wp-block-video\"><video controls src=\"https:\/\/ple187.poznan.pl\/wp-content\/uploads\/2021\/11\/YouCut_20211115_222136289.mp4\"><\/video><\/figure>\n\n\n\n<figure class=\"wp-block-video\"><video controls src=\"https:\/\/ple187.poznan.pl\/wp-content\/uploads\/2022\/01\/VID_20211008_095932.mp4\"><\/video><figcaption>Jesie\u0144 idzie przez pola&#8230;muzyka i s\u0142owa N.Rakowska, muzyka i aran\u017cacja : K.Rybus<\/figcaption><\/figure>\n\n\n\n<figure class=\"wp-block-gallery columns-3 is-cropped wp-block-gallery-1 is-layout-flex wp-block-gallery-is-layout-flex\"><ul class=\"blocks-gallery-grid\"><li class=\"blocks-gallery-item\"><figure><img decoding=\"async\" loading=\"lazy\" width=\"1024\" height=\"768\" src=\"https:\/\/ple187.poznan.pl\/wp-content\/uploads\/2022\/01\/IMG_20211124_085712_585-1024x768.jpg\" alt=\"\" data-id=\"1262\" data-full-url=\"https:\/\/ple187.poznan.pl\/wp-content\/uploads\/2022\/01\/IMG_20211124_085712_585-scaled.jpg\" data-link=\"https:\/\/ple187.poznan.pl\/index.php\/chor-ekonutki\/img_20211124_085712_585\/\" class=\"wp-image-1262\" srcset=\"https:\/\/ple187.poznan.pl\/wp-content\/uploads\/2022\/01\/IMG_20211124_085712_585-1024x768.jpg 1024w, https:\/\/ple187.poznan.pl\/wp-content\/uploads\/2022\/01\/IMG_20211124_085712_585-300x225.jpg 300w, https:\/\/ple187.poznan.pl\/wp-content\/uploads\/2022\/01\/IMG_20211124_085712_585-768x576.jpg 768w, https:\/\/ple187.poznan.pl\/wp-content\/uploads\/2022\/01\/IMG_20211124_085712_585-1536x1152.jpg 1536w, https:\/\/ple187.poznan.pl\/wp-content\/uploads\/2022\/01\/IMG_20211124_085712_585-2048x1536.jpg 2048w\" sizes=\"(max-width: 1024px) 100vw, 1024px\" \/><figcaption class=\"blocks-gallery-item__caption\">Nauka poprzez zabaw\u0119<\/figcaption><\/figure><\/li><li class=\"blocks-gallery-item\"><figure><img decoding=\"async\" loading=\"lazy\" width=\"1024\" height=\"768\" src=\"https:\/\/ple187.poznan.pl\/wp-content\/uploads\/2022\/01\/IMG_20211123_111501_832-1024x768.jpg\" alt=\"\" data-id=\"1263\" data-full-url=\"https:\/\/ple187.poznan.pl\/wp-content\/uploads\/2022\/01\/IMG_20211123_111501_832-scaled.jpg\" data-link=\"https:\/\/ple187.poznan.pl\/index.php\/chor-ekonutki\/img_20211123_111501_832\/\" class=\"wp-image-1263\" srcset=\"https:\/\/ple187.poznan.pl\/wp-content\/uploads\/2022\/01\/IMG_20211123_111501_832-1024x768.jpg 1024w, https:\/\/ple187.poznan.pl\/wp-content\/uploads\/2022\/01\/IMG_20211123_111501_832-300x225.jpg 300w, https:\/\/ple187.poznan.pl\/wp-content\/uploads\/2022\/01\/IMG_20211123_111501_832-768x576.jpg 768w, https:\/\/ple187.poznan.pl\/wp-content\/uploads\/2022\/01\/IMG_20211123_111501_832-1536x1152.jpg 1536w, https:\/\/ple187.poznan.pl\/wp-content\/uploads\/2022\/01\/IMG_20211123_111501_832-2048x1536.jpg 2048w\" sizes=\"(max-width: 1024px) 100vw, 1024px\" \/><figcaption class=\"blocks-gallery-item__caption\">Pr\u00f3ba ch\u00f3ru<\/figcaption><\/figure><\/li><li class=\"blocks-gallery-item\"><figure><img decoding=\"async\" loading=\"lazy\" width=\"1024\" height=\"768\" src=\"https:\/\/ple187.poznan.pl\/wp-content\/uploads\/2022\/01\/IMG_20211123_111453_035-1024x768.jpg\" alt=\"\" data-id=\"1264\" data-full-url=\"https:\/\/ple187.poznan.pl\/wp-content\/uploads\/2022\/01\/IMG_20211123_111453_035-scaled.jpg\" data-link=\"https:\/\/ple187.poznan.pl\/index.php\/chor-ekonutki\/img_20211123_111453_035\/\" class=\"wp-image-1264\" srcset=\"https:\/\/ple187.poznan.pl\/wp-content\/uploads\/2022\/01\/IMG_20211123_111453_035-1024x768.jpg 1024w, https:\/\/ple187.poznan.pl\/wp-content\/uploads\/2022\/01\/IMG_20211123_111453_035-300x225.jpg 300w, https:\/\/ple187.poznan.pl\/wp-content\/uploads\/2022\/01\/IMG_20211123_111453_035-768x576.jpg 768w, https:\/\/ple187.poznan.pl\/wp-content\/uploads\/2022\/01\/IMG_20211123_111453_035-1536x1152.jpg 1536w, https:\/\/ple187.poznan.pl\/wp-content\/uploads\/2022\/01\/IMG_20211123_111453_035-2048x1536.jpg 2048w\" sizes=\"(max-width: 1024px) 100vw, 1024px\" \/><figcaption class=\"blocks-gallery-item__caption\">Pr\u00f3ba ch\u00f3ru<\/figcaption><\/figure><\/li><li class=\"blocks-gallery-item\"><figure><img decoding=\"async\" loading=\"lazy\" width=\"1024\" height=\"768\" src=\"https:\/\/ple187.poznan.pl\/wp-content\/uploads\/2022\/01\/IMG_20211110_085452_3-1024x768.jpg\" alt=\"\" data-id=\"1266\" data-full-url=\"https:\/\/ple187.poznan.pl\/wp-content\/uploads\/2022\/01\/IMG_20211110_085452_3-scaled.jpg\" data-link=\"https:\/\/ple187.poznan.pl\/index.php\/chor-ekonutki\/img_20211110_085452_3\/\" class=\"wp-image-1266\" srcset=\"https:\/\/ple187.poznan.pl\/wp-content\/uploads\/2022\/01\/IMG_20211110_085452_3-1024x768.jpg 1024w, https:\/\/ple187.poznan.pl\/wp-content\/uploads\/2022\/01\/IMG_20211110_085452_3-300x225.jpg 300w, https:\/\/ple187.poznan.pl\/wp-content\/uploads\/2022\/01\/IMG_20211110_085452_3-768x576.jpg 768w, https:\/\/ple187.poznan.pl\/wp-content\/uploads\/2022\/01\/IMG_20211110_085452_3-1536x1152.jpg 1536w, https:\/\/ple187.poznan.pl\/wp-content\/uploads\/2022\/01\/IMG_20211110_085452_3-2048x1536.jpg 2048w\" sizes=\"(max-width: 1024px) 100vw, 1024px\" \/><figcaption class=\"blocks-gallery-item__caption\">\u015awi\u0119to odzyskania Niepodleg\u0142o\u015bci<\/figcaption><\/figure><\/li><li class=\"blocks-gallery-item\"><figure><img decoding=\"async\" loading=\"lazy\" width=\"1024\" height=\"768\" src=\"https:\/\/ple187.poznan.pl\/wp-content\/uploads\/2022\/01\/IMG_20211110_084654_799-1024x768.jpg\" alt=\"\" data-id=\"1267\" data-full-url=\"https:\/\/ple187.poznan.pl\/wp-content\/uploads\/2022\/01\/IMG_20211110_084654_799-scaled.jpg\" data-link=\"https:\/\/ple187.poznan.pl\/index.php\/chor-ekonutki\/img_20211110_084654_799\/\" class=\"wp-image-1267\" srcset=\"https:\/\/ple187.poznan.pl\/wp-content\/uploads\/2022\/01\/IMG_20211110_084654_799-1024x768.jpg 1024w, https:\/\/ple187.poznan.pl\/wp-content\/uploads\/2022\/01\/IMG_20211110_084654_799-300x225.jpg 300w, https:\/\/ple187.poznan.pl\/wp-content\/uploads\/2022\/01\/IMG_20211110_084654_799-768x576.jpg 768w, https:\/\/ple187.poznan.pl\/wp-content\/uploads\/2022\/01\/IMG_20211110_084654_799-1536x1152.jpg 1536w, https:\/\/ple187.poznan.pl\/wp-content\/uploads\/2022\/01\/IMG_20211110_084654_799-2048x1536.jpg 2048w\" sizes=\"(max-width: 1024px) 100vw, 1024px\" \/><figcaption class=\"blocks-gallery-item__caption\">Szko\u0142a do Hymnu<\/figcaption><\/figure><\/li><li class=\"blocks-gallery-item\"><figure><img decoding=\"async\" loading=\"lazy\" width=\"940\" height=\"719\" src=\"https:\/\/ple187.poznan.pl\/wp-content\/uploads\/2022\/01\/received_389949765825887.jpeg\" alt=\"\" data-id=\"1268\" data-full-url=\"https:\/\/ple187.poznan.pl\/wp-content\/uploads\/2022\/01\/received_389949765825887.jpeg\" data-link=\"https:\/\/ple187.poznan.pl\/index.php\/chor-ekonutki\/received_389949765825887\/\" class=\"wp-image-1268\" srcset=\"https:\/\/ple187.poznan.pl\/wp-content\/uploads\/2022\/01\/received_389949765825887.jpeg 940w, https:\/\/ple187.poznan.pl\/wp-content\/uploads\/2022\/01\/received_389949765825887-300x229.jpeg 300w, https:\/\/ple187.poznan.pl\/wp-content\/uploads\/2022\/01\/received_389949765825887-768x587.jpeg 768w\" sizes=\"(max-width: 940px) 100vw, 940px\" \/><figcaption class=\"blocks-gallery-item__caption\">Dzie\u0144 Przedszkolaka<\/figcaption><\/figure><\/li><li class=\"blocks-gallery-item\"><figure><img decoding=\"async\" loading=\"lazy\" width=\"744\" height=\"558\" src=\"https:\/\/ple187.poznan.pl\/wp-content\/uploads\/2022\/01\/received_182632117337966.jpeg\" alt=\"\" data-id=\"1269\" data-full-url=\"https:\/\/ple187.poznan.pl\/wp-content\/uploads\/2022\/01\/received_182632117337966.jpeg\" data-link=\"https:\/\/ple187.poznan.pl\/index.php\/chor-ekonutki\/received_182632117337966\/\" class=\"wp-image-1269\" srcset=\"https:\/\/ple187.poznan.pl\/wp-content\/uploads\/2022\/01\/received_182632117337966.jpeg 744w, https:\/\/ple187.poznan.pl\/wp-content\/uploads\/2022\/01\/received_182632117337966-300x225.jpeg 300w\" sizes=\"(max-width: 744px) 100vw, 744px\" \/><\/figure><\/li><li class=\"blocks-gallery-item\"><figure><img decoding=\"async\" loading=\"lazy\" width=\"1024\" height=\"768\" src=\"https:\/\/ple187.poznan.pl\/wp-content\/uploads\/2022\/01\/IMG_20211008_092652_890-1024x768.jpg\" alt=\"\" data-id=\"1270\" data-full-url=\"https:\/\/ple187.poznan.pl\/wp-content\/uploads\/2022\/01\/IMG_20211008_092652_890-scaled.jpg\" data-link=\"https:\/\/ple187.poznan.pl\/index.php\/chor-ekonutki\/img_20211008_092652_890\/\" class=\"wp-image-1270\" srcset=\"https:\/\/ple187.poznan.pl\/wp-content\/uploads\/2022\/01\/IMG_20211008_092652_890-1024x768.jpg 1024w, https:\/\/ple187.poznan.pl\/wp-content\/uploads\/2022\/01\/IMG_20211008_092652_890-300x225.jpg 300w, https:\/\/ple187.poznan.pl\/wp-content\/uploads\/2022\/01\/IMG_20211008_092652_890-768x576.jpg 768w, https:\/\/ple187.poznan.pl\/wp-content\/uploads\/2022\/01\/IMG_20211008_092652_890-1536x1152.jpg 1536w, https:\/\/ple187.poznan.pl\/wp-content\/uploads\/2022\/01\/IMG_20211008_092652_890-2048x1536.jpg 2048w\" sizes=\"(max-width: 1024px) 100vw, 1024px\" \/><\/figure><\/li><\/ul><\/figure>\n\n\n\n<figure class=\"wp-block-image size-medium is-resized\"><img decoding=\"async\" loading=\"lazy\" src=\"https:\/\/ple187.poznan.pl\/wp-content\/uploads\/2022\/01\/Screenshot_20220129-2144142-300x213.png\" alt=\"\" class=\"wp-image-1279\" width=\"300\" height=\"213\" srcset=\"https:\/\/ple187.poznan.pl\/wp-content\/uploads\/2022\/01\/Screenshot_20220129-2144142-300x213.png 300w, https:\/\/ple187.poznan.pl\/wp-content\/uploads\/2022\/01\/Screenshot_20220129-2144142.png 720w\" sizes=\"(max-width: 300px) 100vw, 300px\" \/><figcaption>Koncert \u015bwi\u0105teczny &#8211; \u015bpiewaj\u0105 absolwenci ch\u00f3ru wraz z najm\u0142odszymi ch\u00f3rzystami<\/figcaption><\/figure>\n\n\n\n<figure class=\"wp-block-image size-medium\"><img decoding=\"async\" loading=\"lazy\" width=\"300\" height=\"231\" src=\"https:\/\/ple187.poznan.pl\/wp-content\/uploads\/2022\/01\/Screenshot_20220129-2145072-300x231.png\" alt=\"\" class=\"wp-image-1280\" srcset=\"https:\/\/ple187.poznan.pl\/wp-content\/uploads\/2022\/01\/Screenshot_20220129-2145072-300x231.png 300w, https:\/\/ple187.poznan.pl\/wp-content\/uploads\/2022\/01\/Screenshot_20220129-2145072.png 661w\" sizes=\"(max-width: 300px) 100vw, 300px\" \/><\/figure>\n\n\n\n<figure class=\"wp-block-image size-medium\"><img decoding=\"async\" loading=\"lazy\" width=\"300\" height=\"231\" src=\"https:\/\/ple187.poznan.pl\/wp-content\/uploads\/2022\/01\/Screenshot_20220129-2145012-300x231.png\" alt=\"\" class=\"wp-image-1281\" srcset=\"https:\/\/ple187.poznan.pl\/wp-content\/uploads\/2022\/01\/Screenshot_20220129-2145012-300x231.png 300w, https:\/\/ple187.poznan.pl\/wp-content\/uploads\/2022\/01\/Screenshot_20220129-2145012.png 697w\" sizes=\"(max-width: 300px) 100vw, 300px\" \/><\/figure>\n\n\n\n<figure class=\"wp-block-image size-medium\"><img decoding=\"async\" loading=\"lazy\" width=\"229\" height=\"300\" src=\"https:\/\/ple187.poznan.pl\/wp-content\/uploads\/2022\/01\/Screenshot_20220129-2145452-229x300.png\" alt=\"\" class=\"wp-image-1282\" srcset=\"https:\/\/ple187.poznan.pl\/wp-content\/uploads\/2022\/01\/Screenshot_20220129-2145452-229x300.png 229w, https:\/\/ple187.poznan.pl\/wp-content\/uploads\/2022\/01\/Screenshot_20220129-2145452.png 720w\" sizes=\"(max-width: 229px) 100vw, 229px\" \/><\/figure>\n\n\n\n<figure class=\"wp-block-image size-medium\"><img decoding=\"async\" loading=\"lazy\" width=\"300\" height=\"167\" src=\"https:\/\/ple187.poznan.pl\/wp-content\/uploads\/2022\/01\/Screenshot_20220129-2149302-300x167.png\" alt=\"\" class=\"wp-image-1283\" srcset=\"https:\/\/ple187.poznan.pl\/wp-content\/uploads\/2022\/01\/Screenshot_20220129-2149302-300x167.png 300w, https:\/\/ple187.poznan.pl\/wp-content\/uploads\/2022\/01\/Screenshot_20220129-2149302.png 700w\" sizes=\"(max-width: 300px) 100vw, 300px\" \/><\/figure>\n\n\n\n<figure class=\"wp-block-image size-medium\"><img decoding=\"async\" loading=\"lazy\" width=\"300\" height=\"232\" src=\"https:\/\/ple187.poznan.pl\/wp-content\/uploads\/2022\/01\/Screenshot_20220129-2147382-300x232.png\" alt=\"\" class=\"wp-image-1284\" srcset=\"https:\/\/ple187.poznan.pl\/wp-content\/uploads\/2022\/01\/Screenshot_20220129-2147382-300x232.png 300w, https:\/\/ple187.poznan.pl\/wp-content\/uploads\/2022\/01\/Screenshot_20220129-2147382.png 697w\" sizes=\"(max-width: 300px) 100vw, 300px\" \/><\/figure>\n\n\n\n<figure class=\"wp-block-image size-medium\"><img decoding=\"async\" loading=\"lazy\" width=\"300\" height=\"224\" src=\"https:\/\/ple187.poznan.pl\/wp-content\/uploads\/2022\/01\/Screenshot_20220129-2149592-300x224.png\" alt=\"\" class=\"wp-image-1285\" srcset=\"https:\/\/ple187.poznan.pl\/wp-content\/uploads\/2022\/01\/Screenshot_20220129-2149592-300x224.png 300w, https:\/\/ple187.poznan.pl\/wp-content\/uploads\/2022\/01\/Screenshot_20220129-2149592.png 712w\" sizes=\"(max-width: 300px) 100vw, 300px\" \/><figcaption>Oprawa muzyczna wa\u017cnych uroczysto\u015bci w przedszkolu<\/figcaption><\/figure>\n\n\n\n<figure class=\"wp-block-image size-medium\"><img decoding=\"async\" loading=\"lazy\" width=\"300\" height=\"170\" src=\"https:\/\/ple187.poznan.pl\/wp-content\/uploads\/2022\/01\/Screenshot_20220129-2150152-300x170.png\" alt=\"\" class=\"wp-image-1286\" srcset=\"https:\/\/ple187.poznan.pl\/wp-content\/uploads\/2022\/01\/Screenshot_20220129-2150152-300x170.png 300w, https:\/\/ple187.poznan.pl\/wp-content\/uploads\/2022\/01\/Screenshot_20220129-2150152.png 700w\" sizes=\"(max-width: 300px) 100vw, 300px\" \/><\/figure>\n\n\n\n<figure class=\"wp-block-image size-medium\"><img decoding=\"async\" loading=\"lazy\" width=\"300\" height=\"221\" src=\"https:\/\/ple187.poznan.pl\/wp-content\/uploads\/2022\/01\/Screenshot_20220129-2151342-300x221.png\" alt=\"\" class=\"wp-image-1287\" srcset=\"https:\/\/ple187.poznan.pl\/wp-content\/uploads\/2022\/01\/Screenshot_20220129-2151342-300x221.png 300w, https:\/\/ple187.poznan.pl\/wp-content\/uploads\/2022\/01\/Screenshot_20220129-2151342.png 709w\" sizes=\"(max-width: 300px) 100vw, 300px\" \/><\/figure>\n\n\n\n<figure class=\"wp-block-image size-medium\"><img decoding=\"async\" loading=\"lazy\" width=\"300\" height=\"223\" src=\"https:\/\/ple187.poznan.pl\/wp-content\/uploads\/2022\/01\/Screenshot_20220129-2151552-300x223.png\" alt=\"\" class=\"wp-image-1288\" srcset=\"https:\/\/ple187.poznan.pl\/wp-content\/uploads\/2022\/01\/Screenshot_20220129-2151552-300x223.png 300w, https:\/\/ple187.poznan.pl\/wp-content\/uploads\/2022\/01\/Screenshot_20220129-2151552.png 705w\" sizes=\"(max-width: 300px) 100vw, 300px\" \/><figcaption>Koncert piosenek patriotycznych<\/figcaption><\/figure>\n\n\n\n<figure class=\"wp-block-image size-medium\"><img decoding=\"async\" loading=\"lazy\" width=\"300\" height=\"213\" src=\"https:\/\/ple187.poznan.pl\/wp-content\/uploads\/2022\/01\/Screenshot_20220129-2153032-300x213.png\" alt=\"\" class=\"wp-image-1289\" srcset=\"https:\/\/ple187.poznan.pl\/wp-content\/uploads\/2022\/01\/Screenshot_20220129-2153032-300x213.png 300w, https:\/\/ple187.poznan.pl\/wp-content\/uploads\/2022\/01\/Screenshot_20220129-2153032.png 720w\" sizes=\"(max-width: 300px) 100vw, 300px\" \/><\/figure>\n\n\n\n<figure class=\"wp-block-image size-medium\"><img decoding=\"async\" loading=\"lazy\" width=\"300\" height=\"172\" src=\"https:\/\/ple187.poznan.pl\/wp-content\/uploads\/2022\/01\/Screenshot_20220129-2157292-300x172.png\" alt=\"\" class=\"wp-image-1290\" srcset=\"https:\/\/ple187.poznan.pl\/wp-content\/uploads\/2022\/01\/Screenshot_20220129-2157292-300x172.png 300w, https:\/\/ple187.poznan.pl\/wp-content\/uploads\/2022\/01\/Screenshot_20220129-2157292.png 689w\" sizes=\"(max-width: 300px) 100vw, 300px\" \/><figcaption>Wyst\u0119p z okazji Dnia babci i dziadka<\/figcaption><\/figure>\n\n\n\n<figure class=\"wp-block-image size-medium\"><img decoding=\"async\" loading=\"lazy\" width=\"300\" height=\"238\" src=\"https:\/\/ple187.poznan.pl\/wp-content\/uploads\/2022\/01\/Screenshot_20220129-2158302-300x238.png\" alt=\"\" class=\"wp-image-1291\" srcset=\"https:\/\/ple187.poznan.pl\/wp-content\/uploads\/2022\/01\/Screenshot_20220129-2158302-300x238.png 300w, https:\/\/ple187.poznan.pl\/wp-content\/uploads\/2022\/01\/Screenshot_20220129-2158302.png 670w\" sizes=\"(max-width: 300px) 100vw, 300px\" \/><figcaption>Wsp\u00f3lne kol\u0119dowanie z mieszka\u0144cami i rad\u0105 osiedla<\/figcaption><\/figure>\n\n\n\n\n\n<figure class=\"wp-block-video\"><video controls src=\"https:\/\/ple187.poznan.pl\/wp-content\/uploads\/2022\/01\/VID_20211022_103551.mp4\"><\/video><figcaption>Nauka przez ruch, aktywne s\u0142uchanie utwor\u00f3w muzycznych<\/figcaption><\/figure>\n","protected":false},"excerpt":{"rendered":"<p>Dzieci w wieku przedszkolnym wykazuj\u0105 du\u017ce zainteresowanie form\u0105 przekazu jakim jest muzyka. Rozw\u00f3j umiej\u0119tno\u015bci wokalnych dziecka jest doskona\u0142\u0105 i kreatywn\u0105 form\u0105 sp\u0119dzania czasu. Obcowanie ze sztuk\u0105 poszerza horyzonty oraz uwra\u017cliwia na \u015bwiat i pi\u0119kno dzieci, kt\u00f3re w tym wieku ch\u0142on\u0105 nowe informacje niczym g\u0105bka, cho\u0107by przez na\u015bladownictwo. Wa\u017cne jest tak\u017ce to, \u017ce wsp\u00f3lne muzykowanie rozwija [&hellip;]<\/p>\n","protected":false},"author":3,"featured_media":0,"parent":0,"menu_order":0,"comment_status":"closed","ping_status":"closed","template":"","meta":{"ngg_post_thumbnail":0,"footnotes":""},"_links":{"self":[{"href":"https:\/\/ple187.poznan.pl\/index.php\/wp-json\/wp\/v2\/pages\/845"}],"collection":[{"href":"https:\/\/ple187.poznan.pl\/index.php\/wp-json\/wp\/v2\/pages"}],"about":[{"href":"https:\/\/ple187.poznan.pl\/index.php\/wp-json\/wp\/v2\/types\/page"}],"author":[{"embeddable":true,"href":"https:\/\/ple187.poznan.pl\/index.php\/wp-json\/wp\/v2\/users\/3"}],"replies":[{"embeddable":true,"href":"https:\/\/ple187.poznan.pl\/index.php\/wp-json\/wp\/v2\/comments?post=845"}],"version-history":[{"count":13,"href":"https:\/\/ple187.poznan.pl\/index.php\/wp-json\/wp\/v2\/pages\/845\/revisions"}],"predecessor-version":[{"id":1303,"href":"https:\/\/ple187.poznan.pl\/index.php\/wp-json\/wp\/v2\/pages\/845\/revisions\/1303"}],"wp:attachment":[{"href":"https:\/\/ple187.poznan.pl\/index.php\/wp-json\/wp\/v2\/media?parent=845"}],"curies":[{"name":"wp","href":"https:\/\/api.w.org\/{rel}","templated":true}]}}